{"id":50,"date":"2024-02-26T13:30:39","date_gmt":"2024-02-26T12:30:39","guid":{"rendered":"https:\/\/adwokattrapszyc.pl\/en\/?page_id=50"},"modified":"2025-11-02T16:40:12","modified_gmt":"2025-11-02T15:40:12","slug":"about-the-law-firm","status":"publish","type":"page","link":"https:\/\/adwokattrapszyc.pl\/en\/about-the-law-firm\/","title":{"rendered":"about the Law Firm"},"content":{"rendered":"\t\t<div data-elementor-type=\"wp-page\" data-elementor-id=\"50\" class=\"elementor elementor-50\" data-elementor-post-type=\"page\">\n\t\t\t\t<div class=\"elementor-element elementor-element-2d54cb4 e-flex e-con-boxed e-con e-parent\" data-id=\"2d54cb4\" data-element_type=\"container\">\n\t\t\t\t\t<div class=\"e-con-inner\">\n\t\t\t\t<div class=\"elementor-element elementor-element-47899b7 elementor-widget elementor-widget-spacer\" data-id=\"47899b7\" data-element_type=\"widget\" data-widget_type=\"spacer.default\">\n\t\t\t\t<div class=\"elementor-widget-container\">\n\t\t\t\t\t\t\t<div class=\"elementor-spacer\">\n\t\t\t<div class=\"elementor-spacer-inner\"><\/div>\n\t\t<\/div>\n\t\t\t\t\t\t<\/div>\n\t\t\t\t<\/div>\n\t\t\t\t<div class=\"elementor-element elementor-element-329bb56a elementor-widget elementor-widget-heading\" data-id=\"329bb56a\" data-element_type=\"widget\" data-widget_type=\"heading.default\">\n\t\t\t\t<div class=\"elementor-widget-container\">\n\t\t\t\t\t<h2 class=\"elementor-heading-title elementor-size-default\">about the Law Firm<\/h2>\t\t\t\t<\/div>\n\t\t\t\t<\/div>\n\t\t\t\t<div class=\"elementor-element elementor-element-3e706d0c elementor-widget elementor-widget-spacer\" data-id=\"3e706d0c\" data-element_type=\"widget\" data-widget_type=\"spacer.default\">\n\t\t\t\t<div class=\"elementor-widget-container\">\n\t\t\t\t\t\t\t<div class=\"elementor-spacer\">\n\t\t\t<div class=\"elementor-spacer-inner\"><\/div>\n\t\t<\/div>\n\t\t\t\t\t\t<\/div>\n\t\t\t\t<\/div>\n\t\t\t\t\t<\/div>\n\t\t\t\t<\/div>\n\t\t<div class=\"elementor-element elementor-element-6aa7a482 e-flex e-con-boxed e-con e-parent\" data-id=\"6aa7a482\" data-element_type=\"container\">\n\t\t\t\t\t<div class=\"e-con-inner\">\n\t\t<div class=\"elementor-element elementor-element-38113759 e-con-full e-flex e-con e-child\" data-id=\"38113759\" data-element_type=\"container\">\n\t\t\t\t<div class=\"elementor-element elementor-element-3f70c673 elementor-widget elementor-widget-image\" data-id=\"3f70c673\" data-element_type=\"widget\" data-widget_type=\"image.default\">\n\t\t\t\t<div class=\"elementor-widget-container\">\n\t\t\t\t\t\t\t\t\t\t\t\t\t\t\t<img fetchpriority=\"high\" decoding=\"async\" width=\"800\" height=\"800\" src=\"https:\/\/adwokattrapszyc.pl\/en\/wp-content\/uploads\/sites\/2\/2024\/02\/DSC_9395-5-scaled-1-1024x1024.jpg\" class=\"attachment-large size-large wp-image-52\" alt=\"\" srcset=\"https:\/\/adwokattrapszyc.pl\/en\/wp-content\/uploads\/sites\/2\/2024\/02\/DSC_9395-5-scaled-1-1024x1024.jpg 1024w, https:\/\/adwokattrapszyc.pl\/en\/wp-content\/uploads\/sites\/2\/2024\/02\/DSC_9395-5-scaled-1-300x300.jpg 300w, https:\/\/adwokattrapszyc.pl\/en\/wp-content\/uploads\/sites\/2\/2024\/02\/DSC_9395-5-scaled-1-150x150.jpg 150w, https:\/\/adwokattrapszyc.pl\/en\/wp-content\/uploads\/sites\/2\/2024\/02\/DSC_9395-5-scaled-1-768x768.jpg 768w, https:\/\/adwokattrapszyc.pl\/en\/wp-content\/uploads\/sites\/2\/2024\/02\/DSC_9395-5-scaled-1-1536x1536.jpg 1536w, https:\/\/adwokattrapszyc.pl\/en\/wp-content\/uploads\/sites\/2\/2024\/02\/DSC_9395-5-scaled-1-2048x2048.jpg 2048w\" sizes=\"(max-width: 800px) 100vw, 800px\" \/>\t\t\t\t\t\t\t\t\t\t\t\t\t\t\t<\/div>\n\t\t\t\t<\/div>\n\t\t\t\t<\/div>\n\t\t<div class=\"elementor-element elementor-element-1c014298 e-con-full e-flex e-con e-child\" data-id=\"1c014298\" data-element_type=\"container\">\n\t\t\t\t<div class=\"elementor-element elementor-element-5a9fd elementor-widget elementor-widget-text-editor\" data-id=\"5a9fd\" data-element_type=\"widget\" data-widget_type=\"text-editor.default\">\n\t\t\t\t<div class=\"elementor-widget-container\">\n\t\t\t\t\t\t\t\t\t<p style=\"text-align: justify;\">Attorney Jan Trapszyc graduated from the Law School of Nicolaus Copernicus University in Toru\u0144. In the course of his studies:<\/p><p style=\"text-align: justify;\">&#8211; obtained the certificate of Legal English Skills (<strong>Toles HIGHER<\/strong>);<\/p><p style=\"text-align: justify;\">&#8211; studied at <em>Universit<\/em><em>\u00e0<\/em><em> Ca<\/em><em>\u2019<\/em><em>Foscari Venezia <\/em>within the <strong>Erasmus+ programme<\/strong> (courses: international law, international business law, languages: English, Italian);<\/p><p style=\"text-align: justify;\">&#8211; participated (as a speaker) in national academic conferences pertaining to the subjects of law and diplomacy;<\/p><p style=\"text-align: justify;\">&#8211; completed <strong><em>Comparative Law School<\/em><\/strong>, organised by the Faculty of Law and Administration of Nicolaus Copernicus Universityin collaboration with <strong>Center for International Legal Studies in Salzburg<\/strong>;<\/p><p style=\"text-align: justify;\">&#8211; completed the basic module and military education NCO training for students within the framework of Academic Legion.<\/p>\t\t\t\t\t\t\t\t<\/div>\n\t\t\t\t<\/div>\n\t\t\t\t<\/div>\n\t\t\t\t\t<\/div>\n\t\t\t\t<\/div>\n\t\t<div class=\"elementor-element elementor-element-55e01848 e-flex e-con-boxed e-con e-parent\" data-id=\"55e01848\" data-element_type=\"container\">\n\t\t\t\t\t<div class=\"e-con-inner\">\n\t\t\t\t<div class=\"elementor-element elementor-element-54221171 elementor-widget elementor-widget-text-editor\" data-id=\"54221171\" data-element_type=\"widget\" data-widget_type=\"text-editor.default\">\n\t\t\t\t<div class=\"elementor-widget-container\">\n\t\t\t\t\t\t\t\t\t<p style=\"text-align: justify;\">From the second year of his studies, Jan Trapszyc served his apprenticeship in law firms in Inowroclaw and Torun, in a notary\u2019s office in Torun, and in the District Public Prosecutor\u2019s Office Toru\u0144-East in Torun. His master\u2019s thesis (<em>Birth of <\/em><em>a<\/em><em>child as a source of civil liability<\/em>) was prepared under the supervision of Prof. K. B\u0105czyk Rozwadowska from the academic department of Civil Law and Civil Procedure.<\/p><p style=\"text-align: justify;\">Jan Trapszyc served his legal training at the Kuyavian-Pomeranian Bar Association in Torun and at the Warsaw Bar Association in Warszawa (where he completed his training course). During his legal training he obtained the <strong>certificate of mediator<\/strong> issued by General Council of the Bar, <strong>CAE certificate<\/strong> and graduated from <strong>postgraduate studies <\/strong><strong>in<\/strong><strong> medical law<\/strong> organised by the Faculty of Law of the Nicolaus Copernicus University.<\/p><p style=\"text-align: justify;\">Additionally, during and immediately after his training as an attorney trainee, Jan Trapszyc worked in reputable law firms in Toru\u0144 and Warsaw. In the course of his practice and work, he has dealt primarily with issues of <strong>criminal law<\/strong> (especially commercial criminal law) and <strong>civil law<\/strong>, mainly in the field of broadly defined <strong>obligations <\/strong>(e.g. disputes between entrepreneurs, contractual or tort disputes, medical disputes, protection of personal rights), acting on behalf of clients at prosecutor\u2019s offices, delegations of the Central Anti-Corruption Bureau and common courts.<\/p><p style=\"text-align: justify;\">Immediately after the completion of his barrister&#8217;s apprenticeship, he achieved a positive result from the Bar Exam.<\/p><p>He has the vast experience in representing in criminal proceedings, at every stage, <em>inter alia<\/em> insurers, leasing companies, banks and foreign entities.<\/p><p style=\"text-align: justify;\">Attorney Jan Trapszyc speaks English and Russian.<\/p><p style=\"text-align: justify;\">From 2019 to 2024 Jan Trapszyc volunteered every year on 1 August as part of the &#8222;Freedom Connects&#8221; action organised by the Warsaw Uprising Museum.<\/p><p style=\"text-align: justify;\">Privately, he is interested in history and sports.<\/p>\t\t\t\t\t\t\t\t<\/div>\n\t\t\t\t<\/div>\n\t\t\t\t\t<\/div>\n\t\t\t\t<\/div>\n\t\t<div class=\"elementor-element elementor-element-9964954 e-flex e-con-boxed e-con e-parent\" data-id=\"9964954\" data-element_type=\"container\">\n\t\t\t\t\t<div class=\"e-con-inner\">\n\t\t\t\t<div class=\"elementor-element elementor-element-426e6a0d elementor-widget elementor-widget-text-editor\" data-id=\"426e6a0d\" data-element_type=\"widget\" data-widget_type=\"text-editor.default\">\n\t\t\t\t<div class=\"elementor-widget-container\">\n\t\t\t\t\t\t\t\t\t<p><strong><u>Publications:<\/u><\/strong><\/p><ol><li>J. Trapszyc <em>State immunity in the context of war crimes and crimes against humanity<\/em> [in]: D. Mielnik (ed.) <em>Prawo i administracja wobec wyzwa\u0144 XXI wieku<\/em>, wydawnictwo ArchaeGraph, \u0141\u00f3d\u017a-Kielce 2020<\/li><li>J. Trapszyc <em>The methods of alternative dispute resolution for medical malpractice cases. Special features of mediation<\/em> [in:] K. B\u0105czyk-Rozwadowska, B. Chludzi\u0144ski (ed.), Wydawnictwo Naukowe Uniwersytetu Miko\u0142aja Kopernika, Toru\u0144 2021<\/li><\/ol>\t\t\t\t\t\t\t\t<\/div>\n\t\t\t\t<\/div>\n\t\t\t\t<div class=\"elementor-element elementor-element-e5d77fb elementor-widget elementor-widget-spacer\" data-id=\"e5d77fb\" data-element_type=\"widget\" data-widget_type=\"spacer.default\">\n\t\t\t\t<div class=\"elementor-widget-container\">\n\t\t\t\t\t\t\t<div class=\"elementor-spacer\">\n\t\t\t<div class=\"elementor-spacer-inner\"><\/div>\n\t\t<\/div>\n\t\t\t\t\t\t<\/div>\n\t\t\t\t<\/div>\n\t\t\t\t\t<\/div>\n\t\t\t\t<\/div>\n\t\t\t\t<\/div>\n\t\t","protected":false},"excerpt":{"rendered":"<p>about the Law Firm Attorney Jan Trapszyc graduated from the Law School of Nicolaus Copernicus University in Toru\u0144. In the course of his studies: &#8211; obtained the certificate of Legal English Skills (Toles HIGHER); &#8211; studied at Universit\u00e0 Ca\u2019Foscari Venezia within the Erasmus+ programme (courses: international law, international business law, languages: English, Italian); &#8211; participated [&hellip;]<\/p>\n","protected":false},"author":1,"featured_media":0,"parent":0,"menu_order":0,"comment_status":"closed","ping_status":"closed","template":"","meta":{"footnotes":""},"class_list":["post-50","page","type-page","status-publish","hentry"],"yoast_head":"<!-- This site is optimized with the Yoast SEO plugin v26.0 - https:\/\/yoast.com\/wordpress\/plugins\/seo\/ -->\n<title>about the Law Firm - Law Firm - Jan Trapszyc<\/title>\n<meta name=\"robots\" content=\"index, follow, max-snippet:-1, max-image-preview:large, max-video-preview:-1\" \/>\n<link rel=\"canonical\" href=\"https:\/\/adwokattrapszyc.pl\/en\/about-the-law-firm\/\" \/>\n<meta property=\"og:locale\" content=\"pl_PL\" \/>\n<meta property=\"og:type\" content=\"article\" \/>\n<meta property=\"og:title\" content=\"about the Law Firm - Law Firm - Jan Trapszyc\" \/>\n<meta property=\"og:description\" content=\"about the Law Firm Attorney Jan Trapszyc graduated from the Law School of Nicolaus Copernicus University in Toru\u0144. In the course of his studies: &#8211; obtained the certificate of Legal English Skills (Toles HIGHER); &#8211; studied at Universit\u00e0 Ca\u2019Foscari Venezia within the Erasmus+ programme (courses: international law, international business law, languages: English, Italian); &#8211; participated [&hellip;]\" \/>\n<meta property=\"og:url\" content=\"https:\/\/adwokattrapszyc.pl\/en\/about-the-law-firm\/\" \/>\n<meta property=\"og:site_name\" content=\"Law Firm - Jan Trapszyc\" \/>\n<meta property=\"article:modified_time\" content=\"2025-11-02T15:40:12+00:00\" \/>\n<meta property=\"og:image\" content=\"https:\/\/adwokattrapszyc.pl\/en\/wp-content\/uploads\/sites\/2\/2024\/02\/DSC_9395-5-scaled-1.jpg\" \/>\n\t<meta property=\"og:image:width\" content=\"2560\" \/>\n\t<meta property=\"og:image:height\" content=\"2560\" \/>\n\t<meta property=\"og:image:type\" content=\"image\/jpeg\" \/>\n<meta name=\"twitter:card\" content=\"summary_large_image\" \/>\n<meta name=\"twitter:label1\" content=\"Szacowany czas czytania\" \/>\n\t<meta name=\"twitter:data1\" content=\"4 minuty\" \/>\n<script type=\"application\/ld+json\" class=\"yoast-schema-graph\">{\"@context\":\"https:\/\/schema.org\",\"@graph\":[{\"@type\":\"WebPage\",\"@id\":\"https:\/\/adwokattrapszyc.pl\/en\/about-the-law-firm\/\",\"url\":\"https:\/\/adwokattrapszyc.pl\/en\/about-the-law-firm\/\",\"name\":\"about the Law Firm - Law Firm - Jan Trapszyc\",\"isPartOf\":{\"@id\":\"https:\/\/adwokattrapszyc.pl\/en\/#website\"},\"primaryImageOfPage\":{\"@id\":\"https:\/\/adwokattrapszyc.pl\/en\/about-the-law-firm\/#primaryimage\"},\"image\":{\"@id\":\"https:\/\/adwokattrapszyc.pl\/en\/about-the-law-firm\/#primaryimage\"},\"thumbnailUrl\":\"http:\/\/adwokattrapszyc.pl\/en\/wp-content\/uploads\/sites\/2\/2024\/02\/DSC_9395-5-scaled-1-1024x1024.jpg\",\"datePublished\":\"2024-02-26T12:30:39+00:00\",\"dateModified\":\"2025-11-02T15:40:12+00:00\",\"breadcrumb\":{\"@id\":\"https:\/\/adwokattrapszyc.pl\/en\/about-the-law-firm\/#breadcrumb\"},\"inLanguage\":\"pl-PL\",\"potentialAction\":[{\"@type\":\"ReadAction\",\"target\":[\"https:\/\/adwokattrapszyc.pl\/en\/about-the-law-firm\/\"]}]},{\"@type\":\"ImageObject\",\"inLanguage\":\"pl-PL\",\"@id\":\"https:\/\/adwokattrapszyc.pl\/en\/about-the-law-firm\/#primaryimage\",\"url\":\"https:\/\/adwokattrapszyc.pl\/en\/wp-content\/uploads\/sites\/2\/2024\/02\/DSC_9395-5-scaled-1.jpg\",\"contentUrl\":\"https:\/\/adwokattrapszyc.pl\/en\/wp-content\/uploads\/sites\/2\/2024\/02\/DSC_9395-5-scaled-1.jpg\",\"width\":2560,\"height\":2560},{\"@type\":\"BreadcrumbList\",\"@id\":\"https:\/\/adwokattrapszyc.pl\/en\/about-the-law-firm\/#breadcrumb\",\"itemListElement\":[{\"@type\":\"ListItem\",\"position\":1,\"name\":\"Strona g\u0142\u00f3wna\",\"item\":\"https:\/\/adwokattrapszyc.pl\/en\/\"},{\"@type\":\"ListItem\",\"position\":2,\"name\":\"about the Law Firm\"}]},{\"@type\":\"WebSite\",\"@id\":\"https:\/\/adwokattrapszyc.pl\/en\/#website\",\"url\":\"https:\/\/adwokattrapszyc.pl\/en\/\",\"name\":\"Law Firm - Jan Trapszyc\",\"description\":\"\",\"publisher\":{\"@id\":\"https:\/\/adwokattrapszyc.pl\/en\/#organization\"},\"potentialAction\":[{\"@type\":\"SearchAction\",\"target\":{\"@type\":\"EntryPoint\",\"urlTemplate\":\"https:\/\/adwokattrapszyc.pl\/en\/?s={search_term_string}\"},\"query-input\":{\"@type\":\"PropertyValueSpecification\",\"valueRequired\":true,\"valueName\":\"search_term_string\"}}],\"inLanguage\":\"pl-PL\"},{\"@type\":\"Organization\",\"@id\":\"https:\/\/adwokattrapszyc.pl\/en\/#organization\",\"name\":\"Law Firm - Jan Trapszyc\",\"url\":\"https:\/\/adwokattrapszyc.pl\/en\/\",\"logo\":{\"@type\":\"ImageObject\",\"inLanguage\":\"pl-PL\",\"@id\":\"https:\/\/adwokattrapszyc.pl\/en\/#\/schema\/logo\/image\/\",\"url\":\"https:\/\/adwokattrapszyc.pl\/en\/wp-content\/uploads\/sites\/2\/2024\/02\/JT-logo.png\",\"contentUrl\":\"https:\/\/adwokattrapszyc.pl\/en\/wp-content\/uploads\/sites\/2\/2024\/02\/JT-logo.png\",\"width\":5906,\"height\":5906,\"caption\":\"Law Firm - Jan Trapszyc\"},\"image\":{\"@id\":\"https:\/\/adwokattrapszyc.pl\/en\/#\/schema\/logo\/image\/\"}}]}<\/script>\n<!-- \/ Yoast SEO plugin. -->","yoast_head_json":{"title":"about the Law Firm - Law Firm - Jan Trapszyc","robots":{"index":"index","follow":"follow","max-snippet":"max-snippet:-1","max-image-preview":"max-image-preview:large","max-video-preview":"max-video-preview:-1"},"canonical":"https:\/\/adwokattrapszyc.pl\/en\/about-the-law-firm\/","og_locale":"pl_PL","og_type":"article","og_title":"about the Law Firm - Law Firm - Jan Trapszyc","og_description":"about the Law Firm Attorney Jan Trapszyc graduated from the Law School of Nicolaus Copernicus University in Toru\u0144. In the course of his studies: &#8211; obtained the certificate of Legal English Skills (Toles HIGHER); &#8211; studied at Universit\u00e0 Ca\u2019Foscari Venezia within the Erasmus+ programme (courses: international law, international business law, languages: English, Italian); &#8211; participated [&hellip;]","og_url":"https:\/\/adwokattrapszyc.pl\/en\/about-the-law-firm\/","og_site_name":"Law Firm - Jan Trapszyc","article_modified_time":"2025-11-02T15:40:12+00:00","og_image":[{"width":2560,"height":2560,"url":"https:\/\/adwokattrapszyc.pl\/en\/wp-content\/uploads\/sites\/2\/2024\/02\/DSC_9395-5-scaled-1.jpg","type":"image\/jpeg"}],"twitter_card":"summary_large_image","twitter_misc":{"Szacowany czas czytania":"4 minuty"},"schema":{"@context":"https:\/\/schema.org","@graph":[{"@type":"WebPage","@id":"https:\/\/adwokattrapszyc.pl\/en\/about-the-law-firm\/","url":"https:\/\/adwokattrapszyc.pl\/en\/about-the-law-firm\/","name":"about the Law Firm - Law Firm - Jan Trapszyc","isPartOf":{"@id":"https:\/\/adwokattrapszyc.pl\/en\/#website"},"primaryImageOfPage":{"@id":"https:\/\/adwokattrapszyc.pl\/en\/about-the-law-firm\/#primaryimage"},"image":{"@id":"https:\/\/adwokattrapszyc.pl\/en\/about-the-law-firm\/#primaryimage"},"thumbnailUrl":"http:\/\/adwokattrapszyc.pl\/en\/wp-content\/uploads\/sites\/2\/2024\/02\/DSC_9395-5-scaled-1-1024x1024.jpg","datePublished":"2024-02-26T12:30:39+00:00","dateModified":"2025-11-02T15:40:12+00:00","breadcrumb":{"@id":"https:\/\/adwokattrapszyc.pl\/en\/about-the-law-firm\/#breadcrumb"},"inLanguage":"pl-PL","potentialAction":[{"@type":"ReadAction","target":["https:\/\/adwokattrapszyc.pl\/en\/about-the-law-firm\/"]}]},{"@type":"ImageObject","inLanguage":"pl-PL","@id":"https:\/\/adwokattrapszyc.pl\/en\/about-the-law-firm\/#primaryimage","url":"https:\/\/adwokattrapszyc.pl\/en\/wp-content\/uploads\/sites\/2\/2024\/02\/DSC_9395-5-scaled-1.jpg","contentUrl":"https:\/\/adwokattrapszyc.pl\/en\/wp-content\/uploads\/sites\/2\/2024\/02\/DSC_9395-5-scaled-1.jpg","width":2560,"height":2560},{"@type":"BreadcrumbList","@id":"https:\/\/adwokattrapszyc.pl\/en\/about-the-law-firm\/#breadcrumb","itemListElement":[{"@type":"ListItem","position":1,"name":"Strona g\u0142\u00f3wna","item":"https:\/\/adwokattrapszyc.pl\/en\/"},{"@type":"ListItem","position":2,"name":"about the Law Firm"}]},{"@type":"WebSite","@id":"https:\/\/adwokattrapszyc.pl\/en\/#website","url":"https:\/\/adwokattrapszyc.pl\/en\/","name":"Law Firm - Jan Trapszyc","description":"","publisher":{"@id":"https:\/\/adwokattrapszyc.pl\/en\/#organization"},"potentialAction":[{"@type":"SearchAction","target":{"@type":"EntryPoint","urlTemplate":"https:\/\/adwokattrapszyc.pl\/en\/?s={search_term_string}"},"query-input":{"@type":"PropertyValueSpecification","valueRequired":true,"valueName":"search_term_string"}}],"inLanguage":"pl-PL"},{"@type":"Organization","@id":"https:\/\/adwokattrapszyc.pl\/en\/#organization","name":"Law Firm - Jan Trapszyc","url":"https:\/\/adwokattrapszyc.pl\/en\/","logo":{"@type":"ImageObject","inLanguage":"pl-PL","@id":"https:\/\/adwokattrapszyc.pl\/en\/#\/schema\/logo\/image\/","url":"https:\/\/adwokattrapszyc.pl\/en\/wp-content\/uploads\/sites\/2\/2024\/02\/JT-logo.png","contentUrl":"https:\/\/adwokattrapszyc.pl\/en\/wp-content\/uploads\/sites\/2\/2024\/02\/JT-logo.png","width":5906,"height":5906,"caption":"Law Firm - Jan Trapszyc"},"image":{"@id":"https:\/\/adwokattrapszyc.pl\/en\/#\/schema\/logo\/image\/"}}]}},"_links":{"self":[{"href":"https:\/\/adwokattrapszyc.pl\/en\/wp-json\/wp\/v2\/pages\/50","targetHints":{"allow":["GET"]}}],"collection":[{"href":"https:\/\/adwokattrapszyc.pl\/en\/wp-json\/wp\/v2\/pages"}],"about":[{"href":"https:\/\/adwokattrapszyc.pl\/en\/wp-json\/wp\/v2\/types\/page"}],"author":[{"embeddable":true,"href":"https:\/\/adwokattrapszyc.pl\/en\/wp-json\/wp\/v2\/users\/1"}],"replies":[{"embeddable":true,"href":"https:\/\/adwokattrapszyc.pl\/en\/wp-json\/wp\/v2\/comments?post=50"}],"version-history":[{"count":19,"href":"https:\/\/adwokattrapszyc.pl\/en\/wp-json\/wp\/v2\/pages\/50\/revisions"}],"predecessor-version":[{"id":388,"href":"https:\/\/adwokattrapszyc.pl\/en\/wp-json\/wp\/v2\/pages\/50\/revisions\/388"}],"wp:attachment":[{"href":"https:\/\/adwokattrapszyc.pl\/en\/wp-json\/wp\/v2\/media?parent=50"}],"curies":[{"name":"wp","href":"https:\/\/api.w.org\/{rel}","templated":true}]}}